{"id":114,"date":"2025-08-16T14:54:44","date_gmt":"2025-08-16T14:54:44","guid":{"rendered":"https:\/\/oprozniamywarszawa.pl\/?page_id=114"},"modified":"2025-08-17T01:40:45","modified_gmt":"2025-08-17T01:40:45","slug":"o-nas","status":"publish","type":"page","link":"https:\/\/oprozniamywarszawa.pl\/?page_id=114","title":{"rendered":"O nas"},"content":{"rendered":"\t\t<div data-elementor-type=\"wp-page\" data-elementor-id=\"114\" class=\"elementor elementor-114\">\n\t\t\t\t\t\t<section class=\"elementor-section elementor-top-section elementor-element elementor-element-2e60cbfd envato-kit-141-top-0 elementor-section-boxed elementor-section-height-default elementor-section-height-default\" data-id=\"2e60cbfd\" data-element_type=\"section\" data-settings=\"{&quot;background_background&quot;:&quot;classic&quot;}\">\n\t\t\t\t\t\t\t<div class=\"elementor-background-overlay\"><\/div>\n\t\t\t\t\t\t\t<div class=\"elementor-container elementor-column-gap-wider\">\n\t\t\t\t\t<div class=\"elementor-column elementor-col-50 elementor-top-column elementor-element elementor-element-c47e9b4\" data-id=\"c47e9b4\" data-element_type=\"column\">\n\t\t\t<div class=\"elementor-widget-wrap elementor-element-populated\">\n\t\t\t\t\t\t<div class=\"elementor-element elementor-element-7867a3d3 elementor-invisible elementor-widget elementor-widget-heading\" data-id=\"7867a3d3\" data-element_type=\"widget\" data-settings=\"{&quot;_animation&quot;:&quot;fadeIn&quot;,&quot;_animation_delay&quot;:100}\" data-widget_type=\"heading.default\">\n\t\t\t\t\t<h2 class=\"elementor-heading-title elementor-size-default\">O nas<\/h2>\t\t\t\t<\/div>\n\t\t\t\t<div class=\"elementor-element elementor-element-11e519ea elementor-widget__width-initial elementor-invisible elementor-widget elementor-widget-heading\" data-id=\"11e519ea\" data-element_type=\"widget\" data-settings=\"{&quot;_animation&quot;:&quot;fadeIn&quot;,&quot;_animation_delay&quot;:150}\" data-widget_type=\"heading.default\">\n\t\t\t\t\t<h2 class=\"elementor-heading-title elementor-size-default\"><b>Jeste\u015bmy niewielk\u0105, ale zaanga\u017cowan\u0105 ekip\u0105, kt\u00f3ra stawia przede wszystkim na solidno\u015b\u0107 i uczciwo\u015b\u0107 wobec klienta. Nie udajemy wielkiej korporacji \u2013 dzia\u0142amy prosto i skutecznie, tak aby ka\u017cdy, kto nam zaufa, by\u0142 w pe\u0142ni zadowolony.<br><span style=\"font-style: inherit;letter-spacing: 0.15px\">Nasz\u0105 najwi\u0119ksz\u0105 warto\u015bci\u0105 jest zadowolenie klient\u00f3w. Podchodzimy do ka\u017cdego zlecenia indywidualnie \u2013 niezale\u017cnie, czy chodzi o wyniesienie kilku mebli, opr\u00f3\u017cnienie piwnicy, czy przygotowanie ca\u0142ego mieszkania do sprzeda\u017cy.<\/span><\/b><br>\n<br><\/h2>\t\t\t\t<\/div>\n\t\t\t\t\t<\/div>\n\t\t<\/div>\n\t\t\t\t<div class=\"elementor-column elementor-col-50 elementor-top-column elementor-element elementor-element-7d9d7ce6\" data-id=\"7d9d7ce6\" data-element_type=\"column\">\n\t\t\t<div class=\"elementor-widget-wrap elementor-element-populated\">\n\t\t\t\t\t\t<div class=\"elementor-element elementor-element-635719c elementor-widget elementor-widget-text-editor\" data-id=\"635719c\" data-element_type=\"widget\" data-widget_type=\"text-editor.default\">\n\t\t\t\t\t\t\t\t\t<h3>Dbamy o porz\u0105dek, szanujemy Tw\u00f3j czas i zawsze staramy si\u0119 znale\u017a\u0107 najlepsze rozwi\u0105zanie. Z nami mo\u017cesz liczy\u0107 na rzeteln\u0105 obs\u0142ug\u0119, terminowo\u015b\u0107 i mi\u0142\u0105 wsp\u00f3\u0142prac\u0119 \u2013 bez zb\u0119dnych formalno\u015bci i skomplikowanych procedur.<\/h3>\t\t\t\t\t\t\t\t<\/div>\n\t\t\t\t<section class=\"elementor-section elementor-inner-section elementor-element elementor-element-7c5680e4 elementor-section-boxed elementor-section-height-default elementor-section-height-default elementor-invisible\" data-id=\"7c5680e4\" data-element_type=\"section\" data-settings=\"{&quot;animation&quot;:&quot;fadeIn&quot;,&quot;animation_delay&quot;:400}\">\n\t\t\t\t\t\t<div class=\"elementor-container elementor-column-gap-no\">\n\t\t\t\t\t<div class=\"elementor-column elementor-col-50 elementor-inner-column elementor-element elementor-element-678d5b16\" data-id=\"678d5b16\" data-element_type=\"column\">\n\t\t\t<div class=\"elementor-widget-wrap elementor-element-populated\">\n\t\t\t\t\t\t<div class=\"elementor-element elementor-element-1da131ae elementor-widget elementor-widget-heading\" data-id=\"1da131ae\" data-element_type=\"widget\" data-widget_type=\"heading.default\">\n\t\t\t\t\t<h2 class=\"elementor-heading-title elementor-size-default\">Mission<\/h2>\t\t\t\t<\/div>\n\t\t\t\t<div class=\"elementor-element elementor-element-6d676b3d elementor-widget elementor-widget-text-editor\" data-id=\"6d676b3d\" data-element_type=\"widget\" data-widget_type=\"text-editor.default\">\n\t\t\t\t\t\t\t\t\t<p>Nasz\u0105 misj\u0105 jest u\u0142atwianie \u017cycia klientom poprzez sprawn\u0105 i kompleksow\u0105 obs\u0142ug\u0119 w zakresie opr\u00f3\u017cniania lokali oraz wywozu niepotrzebnych rzeczy. Stawiamy na rzetelno\u015b\u0107, terminowo\u015b\u0107 i pe\u0142en komfort zleceniodawcy \u2013 od pierwszego kontaktu a\u017c po przekazanie uporz\u0105dkowanej przestrzeni.<\/p>\t\t\t\t\t\t\t\t<\/div>\n\t\t\t\t\t<\/div>\n\t\t<\/div>\n\t\t\t\t<div class=\"elementor-column elementor-col-50 elementor-inner-column elementor-element elementor-element-10445b34\" data-id=\"10445b34\" data-element_type=\"column\">\n\t\t\t<div class=\"elementor-widget-wrap elementor-element-populated\">\n\t\t\t\t\t\t<div class=\"elementor-element elementor-element-51d12bed elementor-widget elementor-widget-heading\" data-id=\"51d12bed\" data-element_type=\"widget\" data-widget_type=\"heading.default\">\n\t\t\t\t\t<h2 class=\"elementor-heading-title elementor-size-default\">Vision<\/h2>\t\t\t\t<\/div>\n\t\t\t\t<div class=\"elementor-element elementor-element-3f2a6104 elementor-widget elementor-widget-text-editor\" data-id=\"3f2a6104\" data-element_type=\"widget\" data-widget_type=\"text-editor.default\">\n\t\t\t\t\t\t\t\t\t<p>chcemy by\u0107 firm\u0105 pierwszego wyboru dla os\u00f3b prywatnych, firm i instytucji, kt\u00f3re szukaj\u0105 profesjonalnego partnera w zakresie opr\u00f3\u017cniania mieszka\u0144, piwnic, biur czy lokali u\u017cytkowych. Naszym celem jest rozw\u00f3j us\u0142ug zgodnych z zasadami ekologii i odpowiedzialnego gospodarowania odpadami, aby dba\u0107 nie tylko o porz\u0105dek, ale te\u017c o \u015brodowisko.<\/p>\t\t\t\t\t\t\t\t<\/div>\n\t\t\t\t\t<\/div>\n\t\t<\/div>\n\t\t\t\t\t<\/div>\n\t\t<\/section>\n\t\t\t\t\t<\/div>\n\t\t<\/div>\n\t\t\t\t\t<\/div>\n\t\t<\/section>\n\t\t\t\t<\/div>\n\t\t","protected":false},"excerpt":{"rendered":"<p>O nas Jeste\u015bmy niewielk\u0105, ale zaanga\u017cowan\u0105 ekip\u0105, kt\u00f3ra stawia przede wszystkim na solidno\u015b\u0107 i uczciwo\u015b\u0107 wobec klienta. Nie udajemy wielkiej [&hellip;]<\/p>\n","protected":false},"author":1,"featured_media":0,"parent":0,"menu_order":0,"comment_status":"closed","ping_status":"closed","template":"","meta":{"site-sidebar-layout":"default","site-content-layout":"","ast-site-content-layout":"default","site-content-style":"default","site-sidebar-style":"default","ast-global-header-display":"","ast-banner-title-visibility":"","ast-main-header-display":"","ast-hfb-above-header-display":"","ast-hfb-below-header-display":"","ast-hfb-mobile-header-display":"","site-post-title":"","ast-breadcrumbs-content":"","ast-featured-img":"","footer-sml-layout":"","theme-transparent-header-meta":"","adv-header-id-meta":"","stick-header-meta":"","header-above-stick-meta":"","header-main-stick-meta":"","header-below-stick-meta":"","astra-migrate-meta-layouts":"default","ast-page-background-enabled":"default","ast-page-background-meta":{"desktop":{"background-color":"var(--ast-global-color-5)","background-image":"","background-repeat":"repeat","background-position":"center center","background-size":"auto","background-attachment":"scroll","background-type":"","background-media":"","overlay-type":"","overlay-color":"","overlay-opacity":"","overlay-gradient":""},"tablet":{"background-color":"","background-image":"","background-repeat":"repeat","background-position":"center center","background-size":"auto","background-attachment":"scroll","background-type":"","background-media":"","overlay-type":"","overlay-color":"","overlay-opacity":"","overlay-gradient":""},"mobile":{"background-color":"","background-image":"","background-repeat":"repeat","background-position":"center center","background-size":"auto","background-attachment":"scroll","background-type":"","background-media":"","overlay-type":"","overlay-color":"","overlay-opacity":"","overlay-gradient":""}},"ast-content-background-meta":{"desktop":{"background-color":"var(--ast-global-color-4)","background-image":"","background-repeat":"repeat","background-position":"center center","background-size":"auto","background-attachment":"scroll","background-type":"","background-media":"","overlay-type":"","overlay-color":"","overlay-opacity":"","overlay-gradient":""},"tablet":{"background-color":"var(--ast-global-color-4)","background-image":"","background-repeat":"repeat","background-position":"center center","background-size":"auto","background-attachment":"scroll","background-type":"","background-media":"","overlay-type":"","overlay-color":"","overlay-opacity":"","overlay-gradient":""},"mobile":{"background-color":"var(--ast-global-color-4)","background-image":"","background-repeat":"repeat","background-position":"center center","background-size":"auto","background-attachment":"scroll","background-type":"","background-media":"","overlay-type":"","overlay-color":"","overlay-opacity":"","overlay-gradient":""}},"footnotes":""},"class_list":["post-114","page","type-page","status-publish","hentry"],"_links":{"self":[{"href":"https:\/\/oprozniamywarszawa.pl\/index.php?rest_route=\/wp\/v2\/pages\/114","targetHints":{"allow":["GET"]}}],"collection":[{"href":"https:\/\/oprozniamywarszawa.pl\/index.php?rest_route=\/wp\/v2\/pages"}],"about":[{"href":"https:\/\/oprozniamywarszawa.pl\/index.php?rest_route=\/wp\/v2\/types\/page"}],"author":[{"embeddable":true,"href":"https:\/\/oprozniamywarszawa.pl\/index.php?rest_route=\/wp\/v2\/users\/1"}],"replies":[{"embeddable":true,"href":"https:\/\/oprozniamywarszawa.pl\/index.php?rest_route=%2Fwp%2Fv2%2Fcomments&post=114"}],"version-history":[{"count":15,"href":"https:\/\/oprozniamywarszawa.pl\/index.php?rest_route=\/wp\/v2\/pages\/114\/revisions"}],"predecessor-version":[{"id":216,"href":"https:\/\/oprozniamywarszawa.pl\/index.php?rest_route=\/wp\/v2\/pages\/114\/revisions\/216"}],"wp:attachment":[{"href":"https:\/\/oprozniamywarszawa.pl\/index.php?rest_route=%2Fwp%2Fv2%2Fmedia&parent=114"}],"curies":[{"name":"wp","href":"https:\/\/api.w.org\/{rel}","templated":true}]}}