{"id":171,"date":"2025-08-17T00:05:49","date_gmt":"2025-08-17T00:05:49","guid":{"rendered":"https:\/\/oprozniamywarszawa.pl\/?page_id=171"},"modified":"2025-08-17T01:42:33","modified_gmt":"2025-08-17T01:42:33","slug":"uslugi","status":"publish","type":"page","link":"https:\/\/oprozniamywarszawa.pl\/?page_id=171","title":{"rendered":"Us\u0142ugi"},"content":{"rendered":"\t\t<div data-elementor-type=\"wp-page\" data-elementor-id=\"171\" class=\"elementor elementor-171\">\n\t\t\t\t\t\t<section class=\"elementor-section elementor-top-section elementor-element elementor-element-5ee6a56 elementor-section-boxed elementor-section-height-default elementor-section-height-default\" data-id=\"5ee6a56\" data-element_type=\"section\" data-settings=\"{&quot;background_background&quot;:&quot;classic&quot;}\">\n\t\t\t\t\t\t\t<div class=\"elementor-background-overlay\"><\/div>\n\t\t\t\t\t\t\t<div class=\"elementor-container elementor-column-gap-default\">\n\t\t\t\t\t<div class=\"elementor-column elementor-col-100 elementor-top-column elementor-element elementor-element-7714e758\" data-id=\"7714e758\" data-element_type=\"column\" data-settings=\"{&quot;background_background&quot;:&quot;classic&quot;}\">\n\t\t\t<div class=\"elementor-widget-wrap elementor-element-populated\">\n\t\t\t\t\t\t<section class=\"elementor-section elementor-inner-section elementor-element elementor-element-68400ee elementor-section-boxed elementor-section-height-default elementor-section-height-default\" data-id=\"68400ee\" data-element_type=\"section\">\n\t\t\t\t\t\t<div class=\"elementor-container elementor-column-gap-default\">\n\t\t\t\t\t<div class=\"elementor-column elementor-col-100 elementor-inner-column elementor-element elementor-element-733af481\" data-id=\"733af481\" data-element_type=\"column\">\n\t\t\t<div class=\"elementor-widget-wrap elementor-element-populated\">\n\t\t\t\t\t\t<div class=\"elementor-element elementor-element-2b1dc36f envato-kit-138-bracket elementor-widget elementor-widget-heading\" data-id=\"2b1dc36f\" data-element_type=\"widget\" data-widget_type=\"heading.default\">\n\t\t\t\t\t<h3 class=\"elementor-heading-title elementor-size-default\">Sprawd\u017a, w czym mo\u017cemy Ci pom\u00f3c<\/h3>\t\t\t\t<\/div>\n\t\t\t\t<div class=\"elementor-element elementor-element-374c3e05 elementor-widget elementor-widget-heading\" data-id=\"374c3e05\" data-element_type=\"widget\" data-widget_type=\"heading.default\">\n\t\t\t\t\t<h2 class=\"elementor-heading-title elementor-size-default\">Nasze us\u0142ugi<\/h2>\t\t\t\t<\/div>\n\t\t\t\t<div class=\"elementor-element elementor-element-744e413f elementor-widget elementor-widget-spacer\" data-id=\"744e413f\" data-element_type=\"widget\" data-widget_type=\"spacer.default\">\n\t\t\t\t\t\t\t<div class=\"elementor-spacer\">\n\t\t\t<div class=\"elementor-spacer-inner\"><\/div>\n\t\t<\/div>\n\t\t\t\t\t\t<\/div>\n\t\t\t\t\t<\/div>\n\t\t<\/div>\n\t\t\t\t\t<\/div>\n\t\t<\/section>\n\t\t\t\t<div class=\"elementor-element elementor-element-6be807aa elementor-widget elementor-widget-spacer\" data-id=\"6be807aa\" data-element_type=\"widget\" data-widget_type=\"spacer.default\">\n\t\t\t\t\t\t\t<div class=\"elementor-spacer\">\n\t\t\t<div class=\"elementor-spacer-inner\"><\/div>\n\t\t<\/div>\n\t\t\t\t\t\t<\/div>\n\t\t\t\t<section class=\"elementor-section elementor-inner-section elementor-element elementor-element-4d844381 elementor-section-boxed elementor-section-height-default elementor-section-height-default\" data-id=\"4d844381\" data-element_type=\"section\">\n\t\t\t\t\t\t<div class=\"elementor-container elementor-column-gap-default\">\n\t\t\t\t\t<div class=\"elementor-column elementor-col-100 elementor-inner-column elementor-element elementor-element-7fdddb6f\" data-id=\"7fdddb6f\" data-element_type=\"column\" data-settings=\"{&quot;background_background&quot;:&quot;classic&quot;}\">\n\t\t\t<div class=\"elementor-widget-wrap elementor-element-populated\">\n\t\t\t\t\t<div class=\"elementor-background-overlay\"><\/div>\n\t\t\t\t\t\t<div class=\"elementor-element elementor-element-d513737 elementor-view-stacked elementor-shape-square elementor-widget elementor-widget-icon\" data-id=\"d513737\" data-element_type=\"widget\" data-widget_type=\"icon.default\">\n\t\t\t\t\t\t\t<div class=\"elementor-icon-wrapper\">\n\t\t\t<div class=\"elementor-icon\">\n\t\t\t<svg aria-hidden=\"true\" class=\"e-font-icon-svg e-far-check-square\" viewBox=\"0 0 448 512\" xmlns=\"http:\/\/www.w3.org\/2000\/svg\"><path d=\"M400 32H48C21.49 32 0 53.49 0 80v352c0 26.51 21.49 48 48 48h352c26.51 0 48-21.49 48-48V80c0-26.51-21.49-48-48-48zm0 400H48V80h352v352zm-35.864-241.724L191.547 361.48c-4.705 4.667-12.303 4.637-16.97-.068l-90.781-91.516c-4.667-4.705-4.637-12.303.069-16.971l22.719-22.536c4.705-4.667 12.303-4.637 16.97.069l59.792 60.277 141.352-140.216c4.705-4.667 12.303-4.637 16.97.068l22.536 22.718c4.667 4.706 4.637 12.304-.068 16.971z\"><\/path><\/svg>\t\t\t<\/div>\n\t\t<\/div>\n\t\t\t\t\t\t<\/div>\n\t\t\t\t<div class=\"elementor-element elementor-element-2801cb09 elementor-widget-divider--view-line elementor-widget elementor-widget-divider\" data-id=\"2801cb09\" data-element_type=\"widget\" data-widget_type=\"divider.default\">\n\t\t\t\t\t\t\t<div class=\"elementor-divider\">\n\t\t\t<span class=\"elementor-divider-separator\">\n\t\t\t\t\t\t<\/span>\n\t\t<\/div>\n\t\t\t\t\t\t<\/div>\n\t\t\t\t<div class=\"elementor-element elementor-element-74ab2b71 elementor-widget elementor-widget-text-editor\" data-id=\"74ab2b71\" data-element_type=\"widget\" data-widget_type=\"text-editor.default\">\n\t\t\t\t\t\t\t\t\t<ul><li data-start=\"260\" data-end=\"341\"><p data-start=\"262\" data-end=\"341\"><strong data-start=\"262\" data-end=\"294\">Opr\u00f3\u017cnianie mieszka\u0144 i dom\u00f3w<\/strong> \u2013 od pojedynczych mebli po ca\u0142e wyposa\u017cenie.<\/p><\/li><li data-start=\"342\" data-end=\"438\"><p data-start=\"344\" data-end=\"438\"><strong data-start=\"344\" data-end=\"384\">Likwidacja piwnic, strych\u00f3w i gara\u017cy<\/strong> \u2013 szybkie usuwanie starych przedmiot\u00f3w i gabaryt\u00f3w.<\/p><\/li><li data-start=\"439\" data-end=\"540\"><p data-start=\"441\" data-end=\"540\"><strong data-start=\"441\" data-end=\"481\">Opr\u00f3\u017cnianie lokali u\u017cytkowych i biur<\/strong> \u2013 sprawna organizacja wynoszenia sprz\u0119t\u00f3w i wyposa\u017cenia.<\/p><\/li><li data-start=\"541\" data-end=\"635\"><p data-start=\"543\" data-end=\"635\"><strong data-start=\"543\" data-end=\"596\">Kompleksowe opr\u00f3\u017cnianie po zgonach lub eksmisjach<\/strong> \u2013 dyskretna i profesjonalna obs\u0142uga.<\/p><\/li><li data-start=\"636\" data-end=\"722\"><p data-start=\"638\" data-end=\"722\"><strong data-start=\"638\" data-end=\"679\">Demonta\u017c mebli, zabud\u00f3w i konstrukcji<\/strong> \u2013 od szaf wn\u0119kowych po \u015bcianki dzia\u0142owe.<\/p><\/li><li data-start=\"723\" data-end=\"816\"><p data-start=\"725\" data-end=\"816\"><strong data-start=\"725\" data-end=\"775\">Wyw\u00f3z elektro\u015bmieci i odpad\u00f3w problematycznych<\/strong> \u2013 zgodnie z obowi\u0105zuj\u0105cymi przepisami.<\/p><\/li><li data-start=\"817\" data-end=\"890\"><p data-start=\"819\" data-end=\"890\"><strong data-start=\"819\" data-end=\"854\">Segregacja i utylizacja odpad\u00f3w<\/strong> \u2013 dbamy o \u015brodowisko i recykling.<\/p><\/li><li data-start=\"891\" data-end=\"995\"><p data-start=\"893\" data-end=\"995\"><strong data-start=\"893\" data-end=\"922\">Sprz\u0105tanie po opr\u00f3\u017cnieniu<\/strong> \u2013 podstawowe, gruntowne lub przygotowanie lokalu do sprzeda\u017cy\/wynajmu.<\/p><\/li><li data-start=\"996\" data-end=\"1083\"><p data-start=\"998\" data-end=\"1083\"><strong data-start=\"998\" data-end=\"1038\">Wyw\u00f3z gruzu i materia\u0142\u00f3w budowlanych<\/strong> \u2013 po remoncie, rozbi\u00f3rce lub modernizacji.<\/p><\/li><li data-start=\"1084\" data-end=\"1181\"><p data-start=\"1086\" data-end=\"1181\"><strong data-start=\"1086\" data-end=\"1127\">Opr\u00f3\u017cnianie hal, magazyn\u00f3w i zapleczy<\/strong> \u2013 szybkie usuni\u0119cie zb\u0119dnego wyposa\u017cenia i odpad\u00f3w.<\/p><\/li><li data-start=\"1182\" data-end=\"1273\"><p data-start=\"1184\" data-end=\"1273\"><strong data-start=\"1184\" data-end=\"1228\">Transport i wyniesienie du\u017cych gabaryt\u00f3w<\/strong> \u2013 pianina, sejfy, maszyny, sprz\u0119t biurowy.<\/p><\/li><li data-start=\"1274\" data-end=\"1366\"><p data-start=\"1276\" data-end=\"1366\"><strong data-start=\"1276\" data-end=\"1328\">Opr\u00f3\u017cnianie lokali handlowych i gastronomicznych<\/strong> \u2013 od mebli po profesjonalny sprz\u0119t.<\/p><\/li><li data-start=\"1367\" data-end=\"1459\"><p data-start=\"1369\" data-end=\"1459\"><strong data-start=\"1369\" data-end=\"1398\">Obs\u0142uga instytucji i firm<\/strong> \u2013 elastyczne terminy, praca tak\u017ce w weekendy i wieczorami.<\/p><\/li><li data-start=\"1460\" data-end=\"1549\"><p data-start=\"1462\" data-end=\"1549\"><strong data-start=\"1462\" data-end=\"1493\">Dora\u017ane zlecenia ekspresowe<\/strong> \u2013 szybki wyw\u00f3z mebli, sprz\u0119tu czy odpad\u00f3w na telefon.<\/p><\/li><li data-start=\"1550\" data-end=\"1665\"><p data-start=\"1552\" data-end=\"1665\"><strong data-start=\"1552\" data-end=\"1609\">Opr\u00f3\u017cnianie dzia\u0142ek, altanek i budynk\u00f3w gospodarczych<\/strong> \u2013 usuwanie starych narz\u0119dzi, materia\u0142\u00f3w, konstrukcji.<\/p><\/li><li data-start=\"1666\" data-end=\"1752\"><p data-start=\"1668\" data-end=\"1752\"><strong data-start=\"1668\" data-end=\"1704\">Wyw\u00f3z odpad\u00f3w wielkogabarytowych<\/strong> \u2013 szafy, kanapy, \u0142\u00f3\u017cka, sto\u0142y, fotele i inne.<\/p><\/li><li data-start=\"1753\" data-end=\"1844\"><p data-start=\"1755\" data-end=\"1844\"><strong data-start=\"1755\" data-end=\"1800\">Opr\u00f3\u017cnianie hoteli, pensjonat\u00f3w czy szk\u00f3\u0142<\/strong> \u2013 przy wymianie wyposa\u017cenia lub remoncie.<\/p><\/li><li data-start=\"1845\" data-end=\"1958\"><p data-start=\"1847\" data-end=\"1958\"><strong data-start=\"1847\" data-end=\"1896\">Przygotowanie lokali do sprzeda\u017cy lub wynajmu<\/strong> \u2013 usuni\u0119cie rzeczy, sprz\u0105tanie, uporz\u0105dkowanie przestrzeni.<\/p><\/li><li data-start=\"1959\" data-end=\"2059\"><p data-start=\"1961\" data-end=\"2059\"><strong data-start=\"1961\" data-end=\"1989\">Indywidualne rozwi\u0105zania<\/strong> \u2013 dopasowane do potrzeb klienta, nawet nietypowe i trudne zlecenia.<\/p><\/li><\/ul>\t\t\t\t\t\t\t\t<\/div>\n\t\t\t\t\t<\/div>\n\t\t<\/div>\n\t\t\t\t\t<\/div>\n\t\t<\/section>\n\t\t\t\t<div class=\"elementor-element elementor-element-960246c elementor-widget elementor-widget-spacer\" data-id=\"960246c\" data-element_type=\"widget\" data-widget_type=\"spacer.default\">\n\t\t\t\t\t\t\t<div class=\"elementor-spacer\">\n\t\t\t<div class=\"elementor-spacer-inner\"><\/div>\n\t\t<\/div>\n\t\t\t\t\t\t<\/div>\n\t\t\t\t\t<\/div>\n\t\t<\/div>\n\t\t\t\t\t<\/div>\n\t\t<\/section>\n\t\t\t\t<\/div>\n\t\t","protected":false},"excerpt":{"rendered":"<p>Sprawd\u017a, w czym mo\u017cemy Ci pom\u00f3c Nasze us\u0142ugi Opr\u00f3\u017cnianie mieszka\u0144 i dom\u00f3w \u2013 od pojedynczych mebli po ca\u0142e wyposa\u017cenie. Likwidacja [&hellip;]<\/p>\n","protected":false},"author":1,"featured_media":0,"parent":0,"menu_order":0,"comment_status":"closed","ping_status":"closed","template":"","meta":{"site-sidebar-layout":"no-sidebar","site-content-layout":"","ast-site-content-layout":"full-width-container","site-content-style":"default","site-sidebar-style":"default","ast-global-header-display":"","ast-banner-title-visibility":"","ast-main-header-display":"","ast-hfb-above-header-display":"","ast-hfb-below-header-display":"","ast-hfb-mobile-header-display":"","site-post-title":"","ast-breadcrumbs-content":"","ast-featured-img":"disabled","footer-sml-layout":"","theme-transparent-header-meta":"","adv-header-id-meta":"","stick-header-meta":"","header-above-stick-meta":"","header-main-stick-meta":"","header-below-stick-meta":"","astra-migrate-meta-layouts":"default","ast-page-background-enabled":"default","ast-page-background-meta":{"desktop":{"background-color":"var(--ast-global-color-5)","background-image":"","background-repeat":"repeat","background-position":"center center","background-size":"auto","background-attachment":"scroll","background-type":"","background-media":"","overlay-type":"","overlay-color":"","overlay-opacity":"","overlay-gradient":""},"tablet":{"background-color":"","background-image":"","background-repeat":"repeat","background-position":"center center","background-size":"auto","background-attachment":"scroll","background-type":"","background-media":"","overlay-type":"","overlay-color":"","overlay-opacity":"","overlay-gradient":""},"mobile":{"background-color":"","background-image":"","background-repeat":"repeat","background-position":"center center","background-size":"auto","background-attachment":"scroll","background-type":"","background-media":"","overlay-type":"","overlay-color":"","overlay-opacity":"","overlay-gradient":""}},"ast-content-background-meta":{"desktop":{"background-color":"var(--ast-global-color-4)","background-image":"","background-repeat":"repeat","background-position":"center center","background-size":"auto","background-attachment":"scroll","background-type":"","background-media":"","overlay-type":"","overlay-color":"","overlay-opacity":"","overlay-gradient":""},"tablet":{"background-color":"var(--ast-global-color-4)","background-image":"","background-repeat":"repeat","background-position":"center center","background-size":"auto","background-attachment":"scroll","background-type":"","background-media":"","overlay-type":"","overlay-color":"","overlay-opacity":"","overlay-gradient":""},"mobile":{"background-color":"var(--ast-global-color-4)","background-image":"","background-repeat":"repeat","background-position":"center center","background-size":"auto","background-attachment":"scroll","background-type":"","background-media":"","overlay-type":"","overlay-color":"","overlay-opacity":"","overlay-gradient":""}},"footnotes":""},"class_list":["post-171","page","type-page","status-publish","hentry"],"_links":{"self":[{"href":"https:\/\/oprozniamywarszawa.pl\/index.php?rest_route=\/wp\/v2\/pages\/171","targetHints":{"allow":["GET"]}}],"collection":[{"href":"https:\/\/oprozniamywarszawa.pl\/index.php?rest_route=\/wp\/v2\/pages"}],"about":[{"href":"https:\/\/oprozniamywarszawa.pl\/index.php?rest_route=\/wp\/v2\/types\/page"}],"author":[{"embeddable":true,"href":"https:\/\/oprozniamywarszawa.pl\/index.php?rest_route=\/wp\/v2\/users\/1"}],"replies":[{"embeddable":true,"href":"https:\/\/oprozniamywarszawa.pl\/index.php?rest_route=%2Fwp%2Fv2%2Fcomments&post=171"}],"version-history":[{"count":10,"href":"https:\/\/oprozniamywarszawa.pl\/index.php?rest_route=\/wp\/v2\/pages\/171\/revisions"}],"predecessor-version":[{"id":217,"href":"https:\/\/oprozniamywarszawa.pl\/index.php?rest_route=\/wp\/v2\/pages\/171\/revisions\/217"}],"wp:attachment":[{"href":"https:\/\/oprozniamywarszawa.pl\/index.php?rest_route=%2Fwp%2Fv2%2Fmedia&parent=171"}],"curies":[{"name":"wp","href":"https:\/\/api.w.org\/{rel}","templated":true}]}}